{"id":1967,"date":"2022-05-06T10:50:00","date_gmt":"2022-05-06T08:50:00","guid":{"rendered":"https:\/\/www.marepleks.ee\/wp\/?page_id=1967"},"modified":"2024-02-09T14:58:15","modified_gmt":"2024-02-09T12:58:15","slug":"lamineerimine","status":"publish","type":"page","link":"https:\/\/www.marepleks.ee\/wp\/lamineerimine\/","title":{"rendered":"LAMINEERIMINE"},"content":{"rendered":"\t\t<div data-elementor-type=\"wp-page\" data-elementor-id=\"1967\" class=\"elementor elementor-1967\" data-elementor-post-type=\"page\">\n\t\t\t\t\t\t<section class=\"elementor-section elementor-top-section elementor-element elementor-element-7fc15f3 elementor-section-boxed elementor-section-height-default elementor-section-height-default\" data-id=\"7fc15f3\" data-element_type=\"section\">\n\t\t\t\t\t\t<div class=\"elementor-container elementor-column-gap-default\">\n\t\t\t\t\t<div class=\"elementor-column elementor-col-100 elementor-top-column elementor-element elementor-element-2dd6d3c\" data-id=\"2dd6d3c\" data-element_type=\"column\">\n\t\t\t<div class=\"elementor-widget-wrap elementor-element-populated\">\n\t\t\t\t\t\t<div class=\"elementor-element elementor-element-cfeee62 elementor-widget elementor-widget-spacer\" data-id=\"cfeee62\" data-element_type=\"widget\" data-widget_type=\"spacer.default\">\n\t\t\t\t<div class=\"elementor-widget-container\">\n\t\t\t<style>\/*! elementor - v3.19.0 - 05-02-2024 *\/\n.elementor-column .elementor-spacer-inner{height:var(--spacer-size)}.e-con{--container-widget-width:100%}.e-con-inner>.elementor-widget-spacer,.e-con>.elementor-widget-spacer{width:var(--container-widget-width,var(--spacer-size));--align-self:var(--container-widget-align-self,initial);--flex-shrink:0}.e-con-inner>.elementor-widget-spacer>.elementor-widget-container,.e-con>.elementor-widget-spacer>.elementor-widget-container{height:100%;width:100%}.e-con-inner>.elementor-widget-spacer>.elementor-widget-container>.elementor-spacer,.e-con>.elementor-widget-spacer>.elementor-widget-container>.elementor-spacer{height:100%}.e-con-inner>.elementor-widget-spacer>.elementor-widget-container>.elementor-spacer>.elementor-spacer-inner,.e-con>.elementor-widget-spacer>.elementor-widget-container>.elementor-spacer>.elementor-spacer-inner{height:var(--container-widget-height,var(--spacer-size))}.e-con-inner>.elementor-widget-spacer.elementor-widget-empty,.e-con>.elementor-widget-spacer.elementor-widget-empty{position:relative;min-height:22px;min-width:22px}.e-con-inner>.elementor-widget-spacer.elementor-widget-empty .elementor-widget-empty-icon,.e-con>.elementor-widget-spacer.elementor-widget-empty .elementor-widget-empty-icon{position:absolute;top:0;bottom:0;left:0;right:0;margin:auto;padding:0;width:22px;height:22px}<\/style>\t\t<div class=\"elementor-spacer\">\n\t\t\t<div class=\"elementor-spacer-inner\"><\/div>\n\t\t<\/div>\n\t\t\t\t<\/div>\n\t\t\t\t<\/div>\n\t\t\t\t\t<\/div>\n\t\t<\/div>\n\t\t\t\t\t<\/div>\n\t\t<\/section>\n\t\t\t\t<section class=\"elementor-section elementor-top-section elementor-element elementor-element-2fb0adf0 elementor-section-height-min-height elementor-section-boxed elementor-section-height-default elementor-section-items-middle\" data-id=\"2fb0adf0\" data-element_type=\"section\">\n\t\t\t\t\t\t<div class=\"elementor-container elementor-column-gap-default\">\n\t\t\t\t\t<div class=\"elementor-column elementor-col-50 elementor-top-column elementor-element elementor-element-2f8ed49f\" data-id=\"2f8ed49f\" data-element_type=\"column\">\n\t\t\t<div class=\"elementor-widget-wrap elementor-element-populated\">\n\t\t\t\t\t\t<div class=\"elementor-element elementor-element-53d62d73 elementor-widget elementor-widget-image\" data-id=\"53d62d73\" data-element_type=\"widget\" data-widget_type=\"image.default\">\n\t\t\t\t<div class=\"elementor-widget-container\">\n\t\t\t<style>\/*! elementor - v3.19.0 - 05-02-2024 *\/\n.elementor-widget-image{text-align:center}.elementor-widget-image a{display:inline-block}.elementor-widget-image a img[src$=\".svg\"]{width:48px}.elementor-widget-image img{vertical-align:middle;display:inline-block}<\/style>\t\t\t\t\t\t\t\t\t\t<img fetchpriority=\"high\" decoding=\"async\" width=\"1040\" height=\"1428\" src=\"https:\/\/www.marepleks.ee\/wp\/wp-content\/uploads\/2023\/09\/icons_2.webp\" class=\"attachment-full size-full wp-image-3457\" alt=\"\" srcset=\"https:\/\/www.marepleks.ee\/wp\/wp-content\/uploads\/2023\/09\/icons_2.webp 1040w, https:\/\/www.marepleks.ee\/wp\/wp-content\/uploads\/2023\/09\/icons_2-218x300.webp 218w, https:\/\/www.marepleks.ee\/wp\/wp-content\/uploads\/2023\/09\/icons_2-746x1024.webp 746w, https:\/\/www.marepleks.ee\/wp\/wp-content\/uploads\/2023\/09\/icons_2-768x1055.webp 768w, https:\/\/www.marepleks.ee\/wp\/wp-content\/uploads\/2023\/09\/icons_2-830x1140.webp 830w, https:\/\/www.marepleks.ee\/wp\/wp-content\/uploads\/2023\/09\/icons_2-230x316.webp 230w, https:\/\/www.marepleks.ee\/wp\/wp-content\/uploads\/2023\/09\/icons_2-350x481.webp 350w, https:\/\/www.marepleks.ee\/wp\/wp-content\/uploads\/2023\/09\/icons_2-480x659.webp 480w\" sizes=\"(max-width: 1040px) 100vw, 1040px\" \/>\t\t\t\t\t\t\t\t\t\t\t\t\t<\/div>\n\t\t\t\t<\/div>\n\t\t\t\t<div class=\"elementor-element elementor-element-17bff2a3 elementor-widget elementor-widget-heading\" data-id=\"17bff2a3\" data-element_type=\"widget\" data-widget_type=\"heading.default\">\n\t\t\t\t<div class=\"elementor-widget-container\">\n\t\t\t<style>\/*! elementor - v3.19.0 - 05-02-2024 *\/\n.elementor-heading-title{padding:0;margin:0;line-height:1}.elementor-widget-heading .elementor-heading-title[class*=elementor-size-]>a{color:inherit;font-size:inherit;line-height:inherit}.elementor-widget-heading .elementor-heading-title.elementor-size-small{font-size:15px}.elementor-widget-heading .elementor-heading-title.elementor-size-medium{font-size:19px}.elementor-widget-heading .elementor-heading-title.elementor-size-large{font-size:29px}.elementor-widget-heading .elementor-heading-title.elementor-size-xl{font-size:39px}.elementor-widget-heading .elementor-heading-title.elementor-size-xxl{font-size:59px}<\/style><h2 class=\"elementor-heading-title elementor-size-default\">LAMINEERIMINE<\/h2>\t\t<\/div>\n\t\t\t\t<\/div>\n\t\t\t\t<div class=\"elementor-element elementor-element-6b4314bd elementor-widget elementor-widget-spacer\" data-id=\"6b4314bd\" data-element_type=\"widget\" data-widget_type=\"spacer.default\">\n\t\t\t\t<div class=\"elementor-widget-container\">\n\t\t\t\t\t<div class=\"elementor-spacer\">\n\t\t\t<div class=\"elementor-spacer-inner\"><\/div>\n\t\t<\/div>\n\t\t\t\t<\/div>\n\t\t\t\t<\/div>\n\t\t\t\t\t<\/div>\n\t\t<\/div>\n\t\t\t\t<div class=\"elementor-column elementor-col-50 elementor-top-column elementor-element elementor-element-41077763\" data-id=\"41077763\" data-element_type=\"column\">\n\t\t\t<div class=\"elementor-widget-wrap elementor-element-populated\">\n\t\t\t\t\t\t<div class=\"elementor-element elementor-element-4e7690e elementor-widget elementor-widget-text-editor\" data-id=\"4e7690e\" data-element_type=\"widget\" data-widget_type=\"text-editor.default\">\n\t\t\t\t<div class=\"elementor-widget-container\">\n\t\t\t<style>\/*! elementor - v3.19.0 - 05-02-2024 *\/\n.elementor-widget-text-editor.elementor-drop-cap-view-stacked .elementor-drop-cap{background-color:#69727d;color:#fff}.elementor-widget-text-editor.elementor-drop-cap-view-framed .elementor-drop-cap{color:#69727d;border:3px solid;background-color:transparent}.elementor-widget-text-editor:not(.elementor-drop-cap-view-default) .elementor-drop-cap{margin-top:8px}.elementor-widget-text-editor:not(.elementor-drop-cap-view-default) .elementor-drop-cap-letter{width:1em;height:1em}.elementor-widget-text-editor .elementor-drop-cap{float:left;text-align:center;line-height:1;font-size:50px}.elementor-widget-text-editor .elementor-drop-cap-letter{display:inline-block}<\/style>\t\t\t\t<p>Lamineeritud klaasi puhul on kaks v\u00f5i enam klaasilehte \u00fchendatud \u00fche v\u00f5i mitme kilega \u00fcheks tervikuks. \u00dcldjuhul ei teki sellise klaasi purunemisel inimesele ohtlikke kilde ja purunenud klaas s\u00e4ilitab oma esialgse kuju. Selliseid klaase on soovitatav kasutada erinevates klaasist piiretes ning teistes kohtades kus peale klaasi purunemist ava tekkimine oleks ohtlik.<\/p><p>Valmistame lamineeritud klaasi vastavalt kliendi vajadustele. Lisaks tavalisele kirkale laminaadile on v\u00f5imalik tellida karastatud laminaati. Samuti on v\u00f5imalik laminaati v\u00e4rvida ja sellele printida.<\/p>\t\t\t\t\t\t<\/div>\n\t\t\t\t<\/div>\n\t\t\t\t\t<\/div>\n\t\t<\/div>\n\t\t\t\t\t<\/div>\n\t\t<\/section>\n\t\t\t\t<\/div>\n\t\t","protected":false},"excerpt":{"rendered":"<p>LAMINEERIMINE Lamineeritud klaasi puhul on kaks v\u00f5i enam klaasilehte \u00fchendatud \u00fche v\u00f5i mitme kilega \u00fcheks tervikuks. \u00dcldjuhul ei teki sellise klaasi purunemisel inimesele ohtlikke kilde ja purunenud klaas s\u00e4ilitab oma esialgse kuju. Selliseid klaase on soovitatav kasutada erinevates klaasist piiretes ning teistes kohtades kus peale klaasi purunemist ava tekkimine oleks ohtlik. Valmistame lamineeritud klaasi vastavalt [&hellip;]<\/p>\n","protected":false},"author":1,"featured_media":0,"parent":0,"menu_order":0,"comment_status":"closed","ping_status":"closed","template":"","meta":{"ngg_post_thumbnail":0,"footnotes":""},"class_list":["post-1967","page","type-page","status-publish","hentry"],"_links":{"self":[{"href":"https:\/\/www.marepleks.ee\/wp\/wp-json\/wp\/v2\/pages\/1967","targetHints":{"allow":["GET"]}}],"collection":[{"href":"https:\/\/www.marepleks.ee\/wp\/wp-json\/wp\/v2\/pages"}],"about":[{"href":"https:\/\/www.marepleks.ee\/wp\/wp-json\/wp\/v2\/types\/page"}],"author":[{"embeddable":true,"href":"https:\/\/www.marepleks.ee\/wp\/wp-json\/wp\/v2\/users\/1"}],"replies":[{"embeddable":true,"href":"https:\/\/www.marepleks.ee\/wp\/wp-json\/wp\/v2\/comments?post=1967"}],"version-history":[{"count":25,"href":"https:\/\/www.marepleks.ee\/wp\/wp-json\/wp\/v2\/pages\/1967\/revisions"}],"predecessor-version":[{"id":3732,"href":"https:\/\/www.marepleks.ee\/wp\/wp-json\/wp\/v2\/pages\/1967\/revisions\/3732"}],"wp:attachment":[{"href":"https:\/\/www.marepleks.ee\/wp\/wp-json\/wp\/v2\/media?parent=1967"}],"curies":[{"name":"wp","href":"https:\/\/api.w.org\/{rel}","templated":true}]}}